{"id":194,"date":"2023-12-04T09:50:05","date_gmt":"2023-12-04T09:50:05","guid":{"rendered":"https:\/\/lenom.co\/capabilities\/"},"modified":"2024-06-16T23:04:15","modified_gmt":"2024-06-16T23:04:15","slug":"capabilities","status":"publish","type":"page","link":"https:\/\/lenom.co\/vi\/capabilities\/","title":{"rendered":"N\u0103ng l\u1ef1c"},"content":{"rendered":"<p><img decoding=\"async\" class=\"alignnone size-full wp-image-77\" src=\"https:\/\/lenom.co\/wp-content\/uploads\/2024\/06\/Screenshot_6.png\" alt=\"\" \/><\/p>\n<p>Le Nom h\u01b0\u1edbng \u0111\u1ebfn s\u1ef1 nh\u1ea5t qu\u00e1n trong c\u00e1c th\u00f4ng \u0111i\u1ec7p, h\u00ecnh \u1ea3nh, ho\u1ea1t \u0111\u1ed9ng v\u00e0 chi\u1ebfn l\u01b0\u1ee3c m\u00e0 ch\u00fang t\u00f4i t\u1ef1 tin tri\u1ec3n khai trong b\u1ed1n l\u0129nh v\u1ef1c: X\u00e2y d\u1ef1ng Th\u01b0\u01a1ng hi\u1ec7u, T\u1ed5 ch\u1ee9c S\u1ef1 ki\u1ec7n, Qu\u1ea3n l\u00fd Ngh\u1ec7 s\u0129 v\u00e0 Studio Nhi\u1ebfp \u1ea3nh, Quay phim. N\u1ed7 l\u1ef1c c\u1ee7a Le Nom nh\u1eafm \u0111\u1ebfn m\u1ee5c \u0111\u00edch t\u1ed1i \u01b0u h\u00f3a kho\u1ea3n \u0111\u1ea7u t\u01b0 v\u00e0o ho\u1ea1t \u0111\u1ed9ng truy\u1ec1n th\u00f4ng, qu\u1ea3ng c\u00e1o \u1edf b\u1ea5t k\u1ef3 h\u00ecnh th\u1ee9c truy\u1ec1n th\u1ed1ng hay k\u1ef9 thu\u1eadt s\u1ed1, tr\u1edf th\u00e0nh l\u1ee3i nhu\u1eadn cho kh\u00e1ch h\u00e0ng.<\/p>\n","protected":false},"excerpt":{"rendered":"<p>Le Nom h\u01b0\u1edbng \u0111\u1ebfn s\u1ef1 nh\u1ea5t qu\u00e1n trong c\u00e1c th\u00f4ng \u0111i\u1ec7p, h\u00ecnh \u1ea3nh, ho\u1ea1t \u0111\u1ed9ng v\u00e0 chi\u1ebfn l\u01b0\u1ee3c m\u00e0 ch\u00fang t\u00f4i t\u1ef1 tin tri\u1ec3n khai trong b\u1ed1n l\u0129nh v\u1ef1c: X\u00e2y d\u1ef1ng Th\u01b0\u01a1ng hi\u1ec7u, T\u1ed5 ch\u1ee9c S\u1ef1 ki\u1ec7n, Qu\u1ea3n l\u00fd Ngh\u1ec7 s\u0129 v\u00e0 Studio Nhi\u1ebfp \u1ea3nh, Quay phim. N\u1ed7 l\u1ef1c c\u1ee7a Le Nom nh\u1eafm \u0111\u1ebfn m\u1ee5c [&hellip;]<\/p>\n","protected":false},"author":1,"featured_media":0,"parent":0,"menu_order":0,"comment_status":"closed","ping_status":"closed","template":"","meta":{"inline_featured_image":false,"footnotes":""},"class_list":["post-194","page","type-page","status-publish","hentry"],"acf":[],"yoast_head":"<!-- This site is optimized with the Yoast SEO plugin v22.5 - https:\/\/yoast.com\/wordpress\/plugins\/seo\/ -->\n<title>N\u0103ng l\u1ef1c - Lenom<\/title>\n<meta name=\"robots\" content=\"index, follow, max-snippet:-1, max-image-preview:large, max-video-preview:-1\" \/>\n<link rel=\"canonical\" href=\"https:\/\/lenom.co\/vi\/capabilities\/\" \/>\n<meta property=\"og:locale\" content=\"vi_VN\" \/>\n<meta property=\"og:type\" content=\"article\" \/>\n<meta property=\"og:title\" content=\"N\u0103ng l\u1ef1c - Lenom\" \/>\n<meta property=\"og:description\" content=\"Le Nom h\u01b0\u1edbng \u0111\u1ebfn s\u1ef1 nh\u1ea5t qu\u00e1n trong c\u00e1c th\u00f4ng \u0111i\u1ec7p, h\u00ecnh \u1ea3nh, ho\u1ea1t \u0111\u1ed9ng v\u00e0 chi\u1ebfn l\u01b0\u1ee3c m\u00e0 ch\u00fang t\u00f4i t\u1ef1 tin tri\u1ec3n khai trong b\u1ed1n l\u0129nh v\u1ef1c: X\u00e2y d\u1ef1ng Th\u01b0\u01a1ng hi\u1ec7u, T\u1ed5 ch\u1ee9c S\u1ef1 ki\u1ec7n, Qu\u1ea3n l\u00fd Ngh\u1ec7 s\u0129 v\u00e0 Studio Nhi\u1ebfp \u1ea3nh, Quay phim. N\u1ed7 l\u1ef1c c\u1ee7a Le Nom nh\u1eafm \u0111\u1ebfn m\u1ee5c [&hellip;]\" \/>\n<meta property=\"og:url\" content=\"https:\/\/lenom.co\/vi\/capabilities\/\" \/>\n<meta property=\"og:site_name\" content=\"Lenom\" \/>\n<meta property=\"article:modified_time\" content=\"2024-06-16T23:04:15+00:00\" \/>\n<meta property=\"og:image\" content=\"https:\/\/lenom.co\/wp-content\/uploads\/2024\/06\/Screenshot_6.png\" \/>\n<meta name=\"twitter:card\" content=\"summary_large_image\" \/>\n<meta name=\"twitter:label1\" content=\"Est. reading time\" \/>\n\t<meta name=\"twitter:data1\" content=\"1 minute\" \/>\n<script type=\"application\/ld+json\" class=\"yoast-schema-graph\">{\"@context\":\"https:\/\/schema.org\",\"@graph\":[{\"@type\":\"WebPage\",\"@id\":\"https:\/\/lenom.co\/vi\/capabilities\/\",\"url\":\"https:\/\/lenom.co\/vi\/capabilities\/\",\"name\":\"N\u0103ng l\u1ef1c - Lenom\",\"isPartOf\":{\"@id\":\"https:\/\/lenom.co\/#website\"},\"primaryImageOfPage\":{\"@id\":\"https:\/\/lenom.co\/vi\/capabilities\/#primaryimage\"},\"image\":{\"@id\":\"https:\/\/lenom.co\/vi\/capabilities\/#primaryimage\"},\"thumbnailUrl\":\"https:\/\/lenom.co\/wp-content\/uploads\/2024\/06\/Screenshot_6.png\",\"datePublished\":\"2023-12-04T09:50:05+00:00\",\"dateModified\":\"2024-06-16T23:04:15+00:00\",\"breadcrumb\":{\"@id\":\"https:\/\/lenom.co\/vi\/capabilities\/#breadcrumb\"},\"inLanguage\":\"vi-VN\",\"potentialAction\":[{\"@type\":\"ReadAction\",\"target\":[\"https:\/\/lenom.co\/vi\/capabilities\/\"]}]},{\"@type\":\"ImageObject\",\"inLanguage\":\"vi-VN\",\"@id\":\"https:\/\/lenom.co\/vi\/capabilities\/#primaryimage\",\"url\":\"https:\/\/lenom.co\/wp-content\/uploads\/2024\/06\/Screenshot_6.png\",\"contentUrl\":\"https:\/\/lenom.co\/wp-content\/uploads\/2024\/06\/Screenshot_6.png\"},{\"@type\":\"BreadcrumbList\",\"@id\":\"https:\/\/lenom.co\/vi\/capabilities\/#breadcrumb\",\"itemListElement\":[{\"@type\":\"ListItem\",\"position\":1,\"name\":\"Trang ch\u1ee7\",\"item\":\"https:\/\/lenom.co\/vi\/\"},{\"@type\":\"ListItem\",\"position\":2,\"name\":\"N\u0103ng l\u1ef1c\"}]},{\"@type\":\"WebSite\",\"@id\":\"https:\/\/lenom.co\/#website\",\"url\":\"https:\/\/lenom.co\/\",\"name\":\"Lenom\",\"description\":\"\",\"potentialAction\":[{\"@type\":\"SearchAction\",\"target\":{\"@type\":\"EntryPoint\",\"urlTemplate\":\"https:\/\/lenom.co\/?s={search_term_string}\"},\"query-input\":\"required name=search_term_string\"}],\"inLanguage\":\"vi-VN\"}]}<\/script>\n<!-- \/ Yoast SEO plugin. -->","yoast_head_json":{"title":"N\u0103ng l\u1ef1c - Lenom","robots":{"index":"index","follow":"follow","max-snippet":"max-snippet:-1","max-image-preview":"max-image-preview:large","max-video-preview":"max-video-preview:-1"},"canonical":"https:\/\/lenom.co\/vi\/capabilities\/","og_locale":"vi_VN","og_type":"article","og_title":"N\u0103ng l\u1ef1c - Lenom","og_description":"Le Nom h\u01b0\u1edbng \u0111\u1ebfn s\u1ef1 nh\u1ea5t qu\u00e1n trong c\u00e1c th\u00f4ng \u0111i\u1ec7p, h\u00ecnh \u1ea3nh, ho\u1ea1t \u0111\u1ed9ng v\u00e0 chi\u1ebfn l\u01b0\u1ee3c m\u00e0 ch\u00fang t\u00f4i t\u1ef1 tin tri\u1ec3n khai trong b\u1ed1n l\u0129nh v\u1ef1c: X\u00e2y d\u1ef1ng Th\u01b0\u01a1ng hi\u1ec7u, T\u1ed5 ch\u1ee9c S\u1ef1 ki\u1ec7n, Qu\u1ea3n l\u00fd Ngh\u1ec7 s\u0129 v\u00e0 Studio Nhi\u1ebfp \u1ea3nh, Quay phim. N\u1ed7 l\u1ef1c c\u1ee7a Le Nom nh\u1eafm \u0111\u1ebfn m\u1ee5c [&hellip;]","og_url":"https:\/\/lenom.co\/vi\/capabilities\/","og_site_name":"Lenom","article_modified_time":"2024-06-16T23:04:15+00:00","og_image":[{"url":"https:\/\/lenom.co\/wp-content\/uploads\/2024\/06\/Screenshot_6.png"}],"twitter_card":"summary_large_image","twitter_misc":{"Est. reading time":"1 minute"},"schema":{"@context":"https:\/\/schema.org","@graph":[{"@type":"WebPage","@id":"https:\/\/lenom.co\/vi\/capabilities\/","url":"https:\/\/lenom.co\/vi\/capabilities\/","name":"N\u0103ng l\u1ef1c - Lenom","isPartOf":{"@id":"https:\/\/lenom.co\/#website"},"primaryImageOfPage":{"@id":"https:\/\/lenom.co\/vi\/capabilities\/#primaryimage"},"image":{"@id":"https:\/\/lenom.co\/vi\/capabilities\/#primaryimage"},"thumbnailUrl":"https:\/\/lenom.co\/wp-content\/uploads\/2024\/06\/Screenshot_6.png","datePublished":"2023-12-04T09:50:05+00:00","dateModified":"2024-06-16T23:04:15+00:00","breadcrumb":{"@id":"https:\/\/lenom.co\/vi\/capabilities\/#breadcrumb"},"inLanguage":"vi-VN","potentialAction":[{"@type":"ReadAction","target":["https:\/\/lenom.co\/vi\/capabilities\/"]}]},{"@type":"ImageObject","inLanguage":"vi-VN","@id":"https:\/\/lenom.co\/vi\/capabilities\/#primaryimage","url":"https:\/\/lenom.co\/wp-content\/uploads\/2024\/06\/Screenshot_6.png","contentUrl":"https:\/\/lenom.co\/wp-content\/uploads\/2024\/06\/Screenshot_6.png"},{"@type":"BreadcrumbList","@id":"https:\/\/lenom.co\/vi\/capabilities\/#breadcrumb","itemListElement":[{"@type":"ListItem","position":1,"name":"Trang ch\u1ee7","item":"https:\/\/lenom.co\/vi\/"},{"@type":"ListItem","position":2,"name":"N\u0103ng l\u1ef1c"}]},{"@type":"WebSite","@id":"https:\/\/lenom.co\/#website","url":"https:\/\/lenom.co\/","name":"Lenom","description":"","potentialAction":[{"@type":"SearchAction","target":{"@type":"EntryPoint","urlTemplate":"https:\/\/lenom.co\/?s={search_term_string}"},"query-input":"required name=search_term_string"}],"inLanguage":"vi-VN"}]}},"_links":{"self":[{"href":"https:\/\/lenom.co\/vi\/wp-json\/wp\/v2\/pages\/194","targetHints":{"allow":["GET"]}}],"collection":[{"href":"https:\/\/lenom.co\/vi\/wp-json\/wp\/v2\/pages"}],"about":[{"href":"https:\/\/lenom.co\/vi\/wp-json\/wp\/v2\/types\/page"}],"author":[{"embeddable":true,"href":"https:\/\/lenom.co\/vi\/wp-json\/wp\/v2\/users\/1"}],"replies":[{"embeddable":true,"href":"https:\/\/lenom.co\/vi\/wp-json\/wp\/v2\/comments?post=194"}],"version-history":[{"count":1,"href":"https:\/\/lenom.co\/vi\/wp-json\/wp\/v2\/pages\/194\/revisions"}],"predecessor-version":[{"id":230,"href":"https:\/\/lenom.co\/vi\/wp-json\/wp\/v2\/pages\/194\/revisions\/230"}],"wp:attachment":[{"href":"https:\/\/lenom.co\/vi\/wp-json\/wp\/v2\/media?parent=194"}],"curies":[{"name":"wp","href":"https:\/\/api.w.org\/{rel}","templated":true}]}}