{"id":195,"date":"2023-12-04T09:49:18","date_gmt":"2023-12-04T09:49:18","guid":{"rendered":"https:\/\/lenom.co\/pioneer\/"},"modified":"2024-06-16T23:03:19","modified_gmt":"2024-06-16T23:03:19","slug":"pioneer","status":"publish","type":"page","link":"https:\/\/lenom.co\/vi\/pioneer\/","title":{"rendered":"Ti\u00ean phong"},"content":{"rendered":"<p><img loading=\"lazy\" decoding=\"async\" class=\"alignnone wp-image-113 size-full\" src=\"https:\/\/lenom.co\/wp-content\/uploads\/2023\/05\/Asset-2.png\" alt=\"\" width=\"585\" height=\"390\" srcset=\"https:\/\/lenom.co\/wp-content\/uploads\/2023\/05\/Asset-2.png 585w, https:\/\/lenom.co\/wp-content\/uploads\/2023\/05\/Asset-2-300x200.png 300w\" sizes=\"auto, (max-width: 585px) 100vw, 585px\" \/><\/p>\n<p>\u0110\u01b0\u1ee3c d\u1eabn d\u1eaft b\u1edfi Gi\u00e1m \u0111\u1ed1c S\u00e1ng t\u1ea1o Henri Hubert v\u1edbi 40 n\u0103m kinh nghi\u1ec7m trong ng\u00e0nh Th\u1eddi trang v\u00e0 Qu\u1ea3ng c\u00e1o, ch\u00fang t\u00f4i t\u1ef1 h\u00e0o l\u00e0 \u0111\u01a1n v\u1ecb ti\u00ean phong v\u00e0 \u0111\u1eb7t chu\u1ea9n m\u1ef1c cho phong c\u00e1ch k\u1ec3 chuy\u1ec7n \u0111\u1eb7c bi\u1ec7t, mang \u0111\u1ebfn tr\u1ea3i nghi\u1ec7m th\u1ecb gi\u00e1c \u1ea5n t\u01b0\u1ee3ng v\u00e0 hi\u1ec7u qu\u1ea3.<\/p>\n","protected":false},"excerpt":{"rendered":"<p>\u0110\u01b0\u1ee3c d\u1eabn d\u1eaft b\u1edfi Gi\u00e1m \u0111\u1ed1c S\u00e1ng t\u1ea1o Henri Hubert v\u1edbi 40 n\u0103m kinh nghi\u1ec7m trong ng\u00e0nh Th\u1eddi trang v\u00e0 Qu\u1ea3ng c\u00e1o, ch\u00fang t\u00f4i t\u1ef1 h\u00e0o l\u00e0 \u0111\u01a1n v\u1ecb ti\u00ean phong v\u00e0 \u0111\u1eb7t chu\u1ea9n m\u1ef1c cho phong c\u00e1ch k\u1ec3 chuy\u1ec7n \u0111\u1eb7c bi\u1ec7t, mang \u0111\u1ebfn tr\u1ea3i nghi\u1ec7m th\u1ecb gi\u00e1c \u1ea5n t\u01b0\u1ee3ng v\u00e0 hi\u1ec7u qu\u1ea3.<\/p>\n","protected":false},"author":1,"featured_media":0,"parent":0,"menu_order":0,"comment_status":"closed","ping_status":"closed","template":"","meta":{"inline_featured_image":false,"footnotes":""},"class_list":["post-195","page","type-page","status-publish","hentry"],"acf":[],"yoast_head":"<!-- This site is optimized with the Yoast SEO plugin v22.5 - https:\/\/yoast.com\/wordpress\/plugins\/seo\/ -->\n<title>Ti\u00ean phong - Lenom<\/title>\n<meta name=\"robots\" content=\"index, follow, max-snippet:-1, max-image-preview:large, max-video-preview:-1\" \/>\n<link rel=\"canonical\" href=\"https:\/\/lenom.co\/vi\/pioneer\/\" \/>\n<meta property=\"og:locale\" content=\"vi_VN\" \/>\n<meta property=\"og:type\" content=\"article\" \/>\n<meta property=\"og:title\" content=\"Ti\u00ean phong - Lenom\" \/>\n<meta property=\"og:description\" content=\"\u0110\u01b0\u1ee3c d\u1eabn d\u1eaft b\u1edfi Gi\u00e1m \u0111\u1ed1c S\u00e1ng t\u1ea1o Henri Hubert v\u1edbi 40 n\u0103m kinh nghi\u1ec7m trong ng\u00e0nh Th\u1eddi trang v\u00e0 Qu\u1ea3ng c\u00e1o, ch\u00fang t\u00f4i t\u1ef1 h\u00e0o l\u00e0 \u0111\u01a1n v\u1ecb ti\u00ean phong v\u00e0 \u0111\u1eb7t chu\u1ea9n m\u1ef1c cho phong c\u00e1ch k\u1ec3 chuy\u1ec7n \u0111\u1eb7c bi\u1ec7t, mang \u0111\u1ebfn tr\u1ea3i nghi\u1ec7m th\u1ecb gi\u00e1c \u1ea5n t\u01b0\u1ee3ng v\u00e0 hi\u1ec7u qu\u1ea3.\" \/>\n<meta property=\"og:url\" content=\"https:\/\/lenom.co\/vi\/pioneer\/\" \/>\n<meta property=\"og:site_name\" content=\"Lenom\" \/>\n<meta property=\"article:modified_time\" content=\"2024-06-16T23:03:19+00:00\" \/>\n<meta property=\"og:image\" content=\"https:\/\/lenom.co\/wp-content\/uploads\/2023\/05\/Asset-2.png\" \/>\n<meta name=\"twitter:card\" content=\"summary_large_image\" \/>\n<meta name=\"twitter:label1\" content=\"Est. reading time\" \/>\n\t<meta name=\"twitter:data1\" content=\"1 minute\" \/>\n<script type=\"application\/ld+json\" class=\"yoast-schema-graph\">{\"@context\":\"https:\/\/schema.org\",\"@graph\":[{\"@type\":\"WebPage\",\"@id\":\"https:\/\/lenom.co\/vi\/pioneer\/\",\"url\":\"https:\/\/lenom.co\/vi\/pioneer\/\",\"name\":\"Ti\u00ean phong - Lenom\",\"isPartOf\":{\"@id\":\"https:\/\/lenom.co\/#website\"},\"primaryImageOfPage\":{\"@id\":\"https:\/\/lenom.co\/vi\/pioneer\/#primaryimage\"},\"image\":{\"@id\":\"https:\/\/lenom.co\/vi\/pioneer\/#primaryimage\"},\"thumbnailUrl\":\"https:\/\/lenom.co\/wp-content\/uploads\/2023\/05\/Asset-2.png\",\"datePublished\":\"2023-12-04T09:49:18+00:00\",\"dateModified\":\"2024-06-16T23:03:19+00:00\",\"breadcrumb\":{\"@id\":\"https:\/\/lenom.co\/vi\/pioneer\/#breadcrumb\"},\"inLanguage\":\"vi-VN\",\"potentialAction\":[{\"@type\":\"ReadAction\",\"target\":[\"https:\/\/lenom.co\/vi\/pioneer\/\"]}]},{\"@type\":\"ImageObject\",\"inLanguage\":\"vi-VN\",\"@id\":\"https:\/\/lenom.co\/vi\/pioneer\/#primaryimage\",\"url\":\"https:\/\/lenom.co\/wp-content\/uploads\/2023\/05\/Asset-2.png\",\"contentUrl\":\"https:\/\/lenom.co\/wp-content\/uploads\/2023\/05\/Asset-2.png\"},{\"@type\":\"BreadcrumbList\",\"@id\":\"https:\/\/lenom.co\/vi\/pioneer\/#breadcrumb\",\"itemListElement\":[{\"@type\":\"ListItem\",\"position\":1,\"name\":\"Trang ch\u1ee7\",\"item\":\"https:\/\/lenom.co\/vi\/\"},{\"@type\":\"ListItem\",\"position\":2,\"name\":\"Ti\u00ean phong\"}]},{\"@type\":\"WebSite\",\"@id\":\"https:\/\/lenom.co\/#website\",\"url\":\"https:\/\/lenom.co\/\",\"name\":\"Lenom\",\"description\":\"\",\"potentialAction\":[{\"@type\":\"SearchAction\",\"target\":{\"@type\":\"EntryPoint\",\"urlTemplate\":\"https:\/\/lenom.co\/?s={search_term_string}\"},\"query-input\":\"required name=search_term_string\"}],\"inLanguage\":\"vi-VN\"}]}<\/script>\n<!-- \/ Yoast SEO plugin. -->","yoast_head_json":{"title":"Ti\u00ean phong - Lenom","robots":{"index":"index","follow":"follow","max-snippet":"max-snippet:-1","max-image-preview":"max-image-preview:large","max-video-preview":"max-video-preview:-1"},"canonical":"https:\/\/lenom.co\/vi\/pioneer\/","og_locale":"vi_VN","og_type":"article","og_title":"Ti\u00ean phong - Lenom","og_description":"\u0110\u01b0\u1ee3c d\u1eabn d\u1eaft b\u1edfi Gi\u00e1m \u0111\u1ed1c S\u00e1ng t\u1ea1o Henri Hubert v\u1edbi 40 n\u0103m kinh nghi\u1ec7m trong ng\u00e0nh Th\u1eddi trang v\u00e0 Qu\u1ea3ng c\u00e1o, ch\u00fang t\u00f4i t\u1ef1 h\u00e0o l\u00e0 \u0111\u01a1n v\u1ecb ti\u00ean phong v\u00e0 \u0111\u1eb7t chu\u1ea9n m\u1ef1c cho phong c\u00e1ch k\u1ec3 chuy\u1ec7n \u0111\u1eb7c bi\u1ec7t, mang \u0111\u1ebfn tr\u1ea3i nghi\u1ec7m th\u1ecb gi\u00e1c \u1ea5n t\u01b0\u1ee3ng v\u00e0 hi\u1ec7u qu\u1ea3.","og_url":"https:\/\/lenom.co\/vi\/pioneer\/","og_site_name":"Lenom","article_modified_time":"2024-06-16T23:03:19+00:00","og_image":[{"url":"https:\/\/lenom.co\/wp-content\/uploads\/2023\/05\/Asset-2.png"}],"twitter_card":"summary_large_image","twitter_misc":{"Est. reading time":"1 minute"},"schema":{"@context":"https:\/\/schema.org","@graph":[{"@type":"WebPage","@id":"https:\/\/lenom.co\/vi\/pioneer\/","url":"https:\/\/lenom.co\/vi\/pioneer\/","name":"Ti\u00ean phong - Lenom","isPartOf":{"@id":"https:\/\/lenom.co\/#website"},"primaryImageOfPage":{"@id":"https:\/\/lenom.co\/vi\/pioneer\/#primaryimage"},"image":{"@id":"https:\/\/lenom.co\/vi\/pioneer\/#primaryimage"},"thumbnailUrl":"https:\/\/lenom.co\/wp-content\/uploads\/2023\/05\/Asset-2.png","datePublished":"2023-12-04T09:49:18+00:00","dateModified":"2024-06-16T23:03:19+00:00","breadcrumb":{"@id":"https:\/\/lenom.co\/vi\/pioneer\/#breadcrumb"},"inLanguage":"vi-VN","potentialAction":[{"@type":"ReadAction","target":["https:\/\/lenom.co\/vi\/pioneer\/"]}]},{"@type":"ImageObject","inLanguage":"vi-VN","@id":"https:\/\/lenom.co\/vi\/pioneer\/#primaryimage","url":"https:\/\/lenom.co\/wp-content\/uploads\/2023\/05\/Asset-2.png","contentUrl":"https:\/\/lenom.co\/wp-content\/uploads\/2023\/05\/Asset-2.png"},{"@type":"BreadcrumbList","@id":"https:\/\/lenom.co\/vi\/pioneer\/#breadcrumb","itemListElement":[{"@type":"ListItem","position":1,"name":"Trang ch\u1ee7","item":"https:\/\/lenom.co\/vi\/"},{"@type":"ListItem","position":2,"name":"Ti\u00ean phong"}]},{"@type":"WebSite","@id":"https:\/\/lenom.co\/#website","url":"https:\/\/lenom.co\/","name":"Lenom","description":"","potentialAction":[{"@type":"SearchAction","target":{"@type":"EntryPoint","urlTemplate":"https:\/\/lenom.co\/?s={search_term_string}"},"query-input":"required name=search_term_string"}],"inLanguage":"vi-VN"}]}},"_links":{"self":[{"href":"https:\/\/lenom.co\/vi\/wp-json\/wp\/v2\/pages\/195","targetHints":{"allow":["GET"]}}],"collection":[{"href":"https:\/\/lenom.co\/vi\/wp-json\/wp\/v2\/pages"}],"about":[{"href":"https:\/\/lenom.co\/vi\/wp-json\/wp\/v2\/types\/page"}],"author":[{"embeddable":true,"href":"https:\/\/lenom.co\/vi\/wp-json\/wp\/v2\/users\/1"}],"replies":[{"embeddable":true,"href":"https:\/\/lenom.co\/vi\/wp-json\/wp\/v2\/comments?post=195"}],"version-history":[{"count":2,"href":"https:\/\/lenom.co\/vi\/wp-json\/wp\/v2\/pages\/195\/revisions"}],"predecessor-version":[{"id":229,"href":"https:\/\/lenom.co\/vi\/wp-json\/wp\/v2\/pages\/195\/revisions\/229"}],"wp:attachment":[{"href":"https:\/\/lenom.co\/vi\/wp-json\/wp\/v2\/media?parent=195"}],"curies":[{"name":"wp","href":"https:\/\/api.w.org\/{rel}","templated":true}]}}