{"id":196,"date":"2023-05-26T04:51:40","date_gmt":"2023-05-26T04:51:40","guid":{"rendered":"https:\/\/lenom.co\/philosophies\/"},"modified":"2024-06-16T22:59:51","modified_gmt":"2024-06-16T22:59:51","slug":"philosophies","status":"publish","type":"page","link":"https:\/\/lenom.co\/vi\/philosophies\/","title":{"rendered":"Tri\u1ebft l\u00fd"},"content":{"rendered":"<p>&nbsp;<\/p>\n<p>\u0110\u01b0\u1ee3c th\u00e0nh l\u1eadp b\u1edfi nh\u1eefng ng\u01b0\u1eddi s\u00e1ng t\u1ea1o, Le Nom l\u00e0 m\u1ea3nh \u0111\u1ea5t, n\u01a1i c\u00e1c t\u00e0i n\u0103ng \u0111\u1eafm m\u00ecnh, c\u00f9ng chia s\u1ebb \u0111am m\u00ea v\u00e0 ph\u00e1t tri\u1ec3n nh\u1eefng gi\u00e1 tr\u1ecb ngh\u1ec7 thu\u1eadt.<br \/>\nNh\u1eefng s\u1ea3n ph\u1ea9m ch\u1ea5t l\u01b0\u1ee3ng cao, d\u1ef1 \u00e1n m\u1edf r\u1ed9ng m\u1ea1ng l\u01b0\u1edbi, v\u00e0 tr\u00ean h\u1ebft, l\u1ea5y kh\u00e1ch h\u00e0ng l\u00e0m trung t\u00e2m khi\u1ebfn ch\u00fang t\u00f4i tr\u1edf n\u00ean kh\u00e1c bi\u1ec7t. M\u1ed7i d\u1ef1 \u00e1n v\u00e0 s\u1ef1 h\u1ee3p t\u00e1c \u0111\u1ec1u ch\u1ee9a \u0111\u1ef1ng nh\u1eefng \u00fd t\u01b0\u1edfng ch\u1ec9n chu v\u00e0 t\u1ec9 m\u1ec9, t\u1ea1o n\u00ean nh\u1eefng d\u1ef1 \u00e1n th\u00e0nh c\u00f4ng \u0111\u00e3 \u0111\u1ecbnh h\u00ecnh n\u00ean Le Nom ng\u00e0y nay.<\/p>\n","protected":false},"excerpt":{"rendered":"<p>&nbsp; \u0110\u01b0\u1ee3c th\u00e0nh l\u1eadp b\u1edfi nh\u1eefng ng\u01b0\u1eddi s\u00e1ng t\u1ea1o, Le Nom l\u00e0 m\u1ea3nh \u0111\u1ea5t, n\u01a1i c\u00e1c t\u00e0i n\u0103ng \u0111\u1eafm m\u00ecnh, c\u00f9ng chia s\u1ebb \u0111am m\u00ea v\u00e0 ph\u00e1t tri\u1ec3n nh\u1eefng gi\u00e1 tr\u1ecb ngh\u1ec7 thu\u1eadt. Nh\u1eefng s\u1ea3n ph\u1ea9m ch\u1ea5t l\u01b0\u1ee3ng cao, d\u1ef1 \u00e1n m\u1edf r\u1ed9ng m\u1ea1ng l\u01b0\u1edbi, v\u00e0 tr\u00ean h\u1ebft, l\u1ea5y kh\u00e1ch h\u00e0ng l\u00e0m trung t\u00e2m khi\u1ebfn [&hellip;]<\/p>\n","protected":false},"author":1,"featured_media":0,"parent":0,"menu_order":0,"comment_status":"closed","ping_status":"closed","template":"","meta":{"inline_featured_image":false,"footnotes":""},"class_list":["post-196","page","type-page","status-publish","hentry"],"acf":[],"yoast_head":"<!-- This site is optimized with the Yoast SEO plugin v22.5 - https:\/\/yoast.com\/wordpress\/plugins\/seo\/ -->\n<title>Tri\u1ebft l\u00fd - Lenom<\/title>\n<meta name=\"robots\" content=\"index, follow, max-snippet:-1, max-image-preview:large, max-video-preview:-1\" \/>\n<link rel=\"canonical\" href=\"https:\/\/lenom.co\/vi\/philosophies\/\" \/>\n<meta property=\"og:locale\" content=\"vi_VN\" \/>\n<meta property=\"og:type\" content=\"article\" \/>\n<meta property=\"og:title\" content=\"Tri\u1ebft l\u00fd - Lenom\" \/>\n<meta property=\"og:description\" content=\"&nbsp; \u0110\u01b0\u1ee3c th\u00e0nh l\u1eadp b\u1edfi nh\u1eefng ng\u01b0\u1eddi s\u00e1ng t\u1ea1o, Le Nom l\u00e0 m\u1ea3nh \u0111\u1ea5t, n\u01a1i c\u00e1c t\u00e0i n\u0103ng \u0111\u1eafm m\u00ecnh, c\u00f9ng chia s\u1ebb \u0111am m\u00ea v\u00e0 ph\u00e1t tri\u1ec3n nh\u1eefng gi\u00e1 tr\u1ecb ngh\u1ec7 thu\u1eadt. Nh\u1eefng s\u1ea3n ph\u1ea9m ch\u1ea5t l\u01b0\u1ee3ng cao, d\u1ef1 \u00e1n m\u1edf r\u1ed9ng m\u1ea1ng l\u01b0\u1edbi, v\u00e0 tr\u00ean h\u1ebft, l\u1ea5y kh\u00e1ch h\u00e0ng l\u00e0m trung t\u00e2m khi\u1ebfn [&hellip;]\" \/>\n<meta property=\"og:url\" content=\"https:\/\/lenom.co\/vi\/philosophies\/\" \/>\n<meta property=\"og:site_name\" content=\"Lenom\" \/>\n<meta property=\"article:modified_time\" content=\"2024-06-16T22:59:51+00:00\" \/>\n<meta name=\"twitter:card\" content=\"summary_large_image\" \/>\n<meta name=\"twitter:label1\" content=\"Est. reading time\" \/>\n\t<meta name=\"twitter:data1\" content=\"1 minute\" \/>\n<script type=\"application\/ld+json\" class=\"yoast-schema-graph\">{\"@context\":\"https:\/\/schema.org\",\"@graph\":[{\"@type\":\"WebPage\",\"@id\":\"https:\/\/lenom.co\/vi\/philosophies\/\",\"url\":\"https:\/\/lenom.co\/vi\/philosophies\/\",\"name\":\"Tri\u1ebft l\u00fd - Lenom\",\"isPartOf\":{\"@id\":\"https:\/\/lenom.co\/#website\"},\"datePublished\":\"2023-05-26T04:51:40+00:00\",\"dateModified\":\"2024-06-16T22:59:51+00:00\",\"breadcrumb\":{\"@id\":\"https:\/\/lenom.co\/vi\/philosophies\/#breadcrumb\"},\"inLanguage\":\"vi-VN\",\"potentialAction\":[{\"@type\":\"ReadAction\",\"target\":[\"https:\/\/lenom.co\/vi\/philosophies\/\"]}]},{\"@type\":\"BreadcrumbList\",\"@id\":\"https:\/\/lenom.co\/vi\/philosophies\/#breadcrumb\",\"itemListElement\":[{\"@type\":\"ListItem\",\"position\":1,\"name\":\"Trang ch\u1ee7\",\"item\":\"https:\/\/lenom.co\/vi\/\"},{\"@type\":\"ListItem\",\"position\":2,\"name\":\"Tri\u1ebft l\u00fd\"}]},{\"@type\":\"WebSite\",\"@id\":\"https:\/\/lenom.co\/#website\",\"url\":\"https:\/\/lenom.co\/\",\"name\":\"Lenom\",\"description\":\"\",\"potentialAction\":[{\"@type\":\"SearchAction\",\"target\":{\"@type\":\"EntryPoint\",\"urlTemplate\":\"https:\/\/lenom.co\/?s={search_term_string}\"},\"query-input\":\"required name=search_term_string\"}],\"inLanguage\":\"vi-VN\"}]}<\/script>\n<!-- \/ Yoast SEO plugin. -->","yoast_head_json":{"title":"Tri\u1ebft l\u00fd - Lenom","robots":{"index":"index","follow":"follow","max-snippet":"max-snippet:-1","max-image-preview":"max-image-preview:large","max-video-preview":"max-video-preview:-1"},"canonical":"https:\/\/lenom.co\/vi\/philosophies\/","og_locale":"vi_VN","og_type":"article","og_title":"Tri\u1ebft l\u00fd - Lenom","og_description":"&nbsp; \u0110\u01b0\u1ee3c th\u00e0nh l\u1eadp b\u1edfi nh\u1eefng ng\u01b0\u1eddi s\u00e1ng t\u1ea1o, Le Nom l\u00e0 m\u1ea3nh \u0111\u1ea5t, n\u01a1i c\u00e1c t\u00e0i n\u0103ng \u0111\u1eafm m\u00ecnh, c\u00f9ng chia s\u1ebb \u0111am m\u00ea v\u00e0 ph\u00e1t tri\u1ec3n nh\u1eefng gi\u00e1 tr\u1ecb ngh\u1ec7 thu\u1eadt. Nh\u1eefng s\u1ea3n ph\u1ea9m ch\u1ea5t l\u01b0\u1ee3ng cao, d\u1ef1 \u00e1n m\u1edf r\u1ed9ng m\u1ea1ng l\u01b0\u1edbi, v\u00e0 tr\u00ean h\u1ebft, l\u1ea5y kh\u00e1ch h\u00e0ng l\u00e0m trung t\u00e2m khi\u1ebfn [&hellip;]","og_url":"https:\/\/lenom.co\/vi\/philosophies\/","og_site_name":"Lenom","article_modified_time":"2024-06-16T22:59:51+00:00","twitter_card":"summary_large_image","twitter_misc":{"Est. reading time":"1 minute"},"schema":{"@context":"https:\/\/schema.org","@graph":[{"@type":"WebPage","@id":"https:\/\/lenom.co\/vi\/philosophies\/","url":"https:\/\/lenom.co\/vi\/philosophies\/","name":"Tri\u1ebft l\u00fd - Lenom","isPartOf":{"@id":"https:\/\/lenom.co\/#website"},"datePublished":"2023-05-26T04:51:40+00:00","dateModified":"2024-06-16T22:59:51+00:00","breadcrumb":{"@id":"https:\/\/lenom.co\/vi\/philosophies\/#breadcrumb"},"inLanguage":"vi-VN","potentialAction":[{"@type":"ReadAction","target":["https:\/\/lenom.co\/vi\/philosophies\/"]}]},{"@type":"BreadcrumbList","@id":"https:\/\/lenom.co\/vi\/philosophies\/#breadcrumb","itemListElement":[{"@type":"ListItem","position":1,"name":"Trang ch\u1ee7","item":"https:\/\/lenom.co\/vi\/"},{"@type":"ListItem","position":2,"name":"Tri\u1ebft l\u00fd"}]},{"@type":"WebSite","@id":"https:\/\/lenom.co\/#website","url":"https:\/\/lenom.co\/","name":"Lenom","description":"","potentialAction":[{"@type":"SearchAction","target":{"@type":"EntryPoint","urlTemplate":"https:\/\/lenom.co\/?s={search_term_string}"},"query-input":"required name=search_term_string"}],"inLanguage":"vi-VN"}]}},"_links":{"self":[{"href":"https:\/\/lenom.co\/vi\/wp-json\/wp\/v2\/pages\/196","targetHints":{"allow":["GET"]}}],"collection":[{"href":"https:\/\/lenom.co\/vi\/wp-json\/wp\/v2\/pages"}],"about":[{"href":"https:\/\/lenom.co\/vi\/wp-json\/wp\/v2\/types\/page"}],"author":[{"embeddable":true,"href":"https:\/\/lenom.co\/vi\/wp-json\/wp\/v2\/users\/1"}],"replies":[{"embeddable":true,"href":"https:\/\/lenom.co\/vi\/wp-json\/wp\/v2\/comments?post=196"}],"version-history":[{"count":1,"href":"https:\/\/lenom.co\/vi\/wp-json\/wp\/v2\/pages\/196\/revisions"}],"predecessor-version":[{"id":226,"href":"https:\/\/lenom.co\/vi\/wp-json\/wp\/v2\/pages\/196\/revisions\/226"}],"wp:attachment":[{"href":"https:\/\/lenom.co\/vi\/wp-json\/wp\/v2\/media?parent=196"}],"curies":[{"name":"wp","href":"https:\/\/api.w.org\/{rel}","templated":true}]}}