{"id":200,"date":"2023-03-16T08:08:44","date_gmt":"2023-03-16T08:08:44","guid":{"rendered":"https:\/\/lenom.co\/who-we-are\/"},"modified":"2024-06-16T23:00:50","modified_gmt":"2024-06-16T23:00:50","slug":"who-we-are","status":"publish","type":"page","link":"https:\/\/lenom.co\/vi\/who-we-are\/","title":{"rendered":"V\u1ec1 LE NOM"},"content":{"rendered":"<p><img loading=\"lazy\" decoding=\"async\" class=\"alignnone wp-image-80 size-medium\" src=\"https:\/\/lenom.co\/wp-content\/uploads\/2024\/06\/Screenshot_5.png\" alt=\"\" width=\"300\" height=\"300\" \/><\/p>\n<p><strong>Le Nom<\/strong> &#8211; C\u00f4ng ty Truy\u1ec1n th\u00f4ng Ti\u1ebfp th\u1ecb T\u00edch h\u1ee3p cung c\u1ea5p gi\u1ea3i ph\u00e1p to\u00e0n di\u1ec7n v\u1ec1 ti\u1ebfp th\u1ecb v\u00e0 chi\u1ebfn l\u01b0\u1ee3c th\u01b0\u01a1ng hi\u1ec7u, \u0111\u1ea3m b\u1ea3o m\u1ed1i li\u00ean k\u1ebft ch\u1eb7t ch\u1ebd gi\u1eefa t\u1ea5t c\u1ea3 c\u00e1c h\u00ecnh th\u1ee9c truy\u1ec1n th\u00f4ng v\u00e0 th\u00f4ng \u0111i\u1ec7p \u0111\u01b0\u1ee3c truy\u1ec1n t\u1ea3i m\u1ed9t c\u00e1ch h\u00e0i ho\u00e0, hi\u1ec7u qu\u1ea3.<\/p>\n","protected":false},"excerpt":{"rendered":"<p>Le Nom &#8211; C\u00f4ng ty Truy\u1ec1n th\u00f4ng Ti\u1ebfp th\u1ecb T\u00edch h\u1ee3p cung c\u1ea5p gi\u1ea3i ph\u00e1p to\u00e0n di\u1ec7n v\u1ec1 ti\u1ebfp th\u1ecb v\u00e0 chi\u1ebfn l\u01b0\u1ee3c th\u01b0\u01a1ng hi\u1ec7u, \u0111\u1ea3m b\u1ea3o m\u1ed1i li\u00ean k\u1ebft ch\u1eb7t ch\u1ebd gi\u1eefa t\u1ea5t c\u1ea3 c\u00e1c h\u00ecnh th\u1ee9c truy\u1ec1n th\u00f4ng v\u00e0 th\u00f4ng \u0111i\u1ec7p \u0111\u01b0\u1ee3c truy\u1ec1n t\u1ea3i m\u1ed9t c\u00e1ch h\u00e0i ho\u00e0, hi\u1ec7u qu\u1ea3.<\/p>\n","protected":false},"author":1,"featured_media":0,"parent":0,"menu_order":0,"comment_status":"closed","ping_status":"closed","template":"","meta":{"inline_featured_image":false,"footnotes":""},"class_list":["post-200","page","type-page","status-publish","hentry"],"acf":[],"yoast_head":"<!-- This site is optimized with the Yoast SEO plugin v22.5 - https:\/\/yoast.com\/wordpress\/plugins\/seo\/ -->\n<title>V\u1ec1 LE NOM - Lenom<\/title>\n<meta name=\"robots\" content=\"index, follow, max-snippet:-1, max-image-preview:large, max-video-preview:-1\" \/>\n<link rel=\"canonical\" href=\"https:\/\/lenom.co\/vi\/who-we-are\/\" \/>\n<meta property=\"og:locale\" content=\"vi_VN\" \/>\n<meta property=\"og:type\" content=\"article\" \/>\n<meta property=\"og:title\" content=\"V\u1ec1 LE NOM - Lenom\" \/>\n<meta property=\"og:description\" content=\"Le Nom &#8211; C\u00f4ng ty Truy\u1ec1n th\u00f4ng Ti\u1ebfp th\u1ecb T\u00edch h\u1ee3p cung c\u1ea5p gi\u1ea3i ph\u00e1p to\u00e0n di\u1ec7n v\u1ec1 ti\u1ebfp th\u1ecb v\u00e0 chi\u1ebfn l\u01b0\u1ee3c th\u01b0\u01a1ng hi\u1ec7u, \u0111\u1ea3m b\u1ea3o m\u1ed1i li\u00ean k\u1ebft ch\u1eb7t ch\u1ebd gi\u1eefa t\u1ea5t c\u1ea3 c\u00e1c h\u00ecnh th\u1ee9c truy\u1ec1n th\u00f4ng v\u00e0 th\u00f4ng \u0111i\u1ec7p \u0111\u01b0\u1ee3c truy\u1ec1n t\u1ea3i m\u1ed9t c\u00e1ch h\u00e0i ho\u00e0, hi\u1ec7u qu\u1ea3.\" \/>\n<meta property=\"og:url\" content=\"https:\/\/lenom.co\/vi\/who-we-are\/\" \/>\n<meta property=\"og:site_name\" content=\"Lenom\" \/>\n<meta property=\"article:modified_time\" content=\"2024-06-16T23:00:50+00:00\" \/>\n<meta property=\"og:image\" content=\"https:\/\/lenom.co\/wp-content\/uploads\/2024\/06\/Screenshot_5.png\" \/>\n<meta name=\"twitter:card\" content=\"summary_large_image\" \/>\n<meta name=\"twitter:label1\" content=\"Est. reading time\" \/>\n\t<meta name=\"twitter:data1\" content=\"1 minute\" \/>\n<script type=\"application\/ld+json\" class=\"yoast-schema-graph\">{\"@context\":\"https:\/\/schema.org\",\"@graph\":[{\"@type\":\"WebPage\",\"@id\":\"https:\/\/lenom.co\/vi\/who-we-are\/\",\"url\":\"https:\/\/lenom.co\/vi\/who-we-are\/\",\"name\":\"V\u1ec1 LE NOM - Lenom\",\"isPartOf\":{\"@id\":\"https:\/\/lenom.co\/#website\"},\"primaryImageOfPage\":{\"@id\":\"https:\/\/lenom.co\/vi\/who-we-are\/#primaryimage\"},\"image\":{\"@id\":\"https:\/\/lenom.co\/vi\/who-we-are\/#primaryimage\"},\"thumbnailUrl\":\"https:\/\/lenom.co\/wp-content\/uploads\/2024\/06\/Screenshot_5.png\",\"datePublished\":\"2023-03-16T08:08:44+00:00\",\"dateModified\":\"2024-06-16T23:00:50+00:00\",\"breadcrumb\":{\"@id\":\"https:\/\/lenom.co\/vi\/who-we-are\/#breadcrumb\"},\"inLanguage\":\"vi-VN\",\"potentialAction\":[{\"@type\":\"ReadAction\",\"target\":[\"https:\/\/lenom.co\/vi\/who-we-are\/\"]}]},{\"@type\":\"ImageObject\",\"inLanguage\":\"vi-VN\",\"@id\":\"https:\/\/lenom.co\/vi\/who-we-are\/#primaryimage\",\"url\":\"https:\/\/lenom.co\/wp-content\/uploads\/2024\/06\/Screenshot_5.png\",\"contentUrl\":\"https:\/\/lenom.co\/wp-content\/uploads\/2024\/06\/Screenshot_5.png\"},{\"@type\":\"BreadcrumbList\",\"@id\":\"https:\/\/lenom.co\/vi\/who-we-are\/#breadcrumb\",\"itemListElement\":[{\"@type\":\"ListItem\",\"position\":1,\"name\":\"Trang ch\u1ee7\",\"item\":\"https:\/\/lenom.co\/vi\/\"},{\"@type\":\"ListItem\",\"position\":2,\"name\":\"V\u1ec1 LE NOM\"}]},{\"@type\":\"WebSite\",\"@id\":\"https:\/\/lenom.co\/#website\",\"url\":\"https:\/\/lenom.co\/\",\"name\":\"Lenom\",\"description\":\"\",\"potentialAction\":[{\"@type\":\"SearchAction\",\"target\":{\"@type\":\"EntryPoint\",\"urlTemplate\":\"https:\/\/lenom.co\/?s={search_term_string}\"},\"query-input\":\"required name=search_term_string\"}],\"inLanguage\":\"vi-VN\"}]}<\/script>\n<!-- \/ Yoast SEO plugin. -->","yoast_head_json":{"title":"V\u1ec1 LE NOM - Lenom","robots":{"index":"index","follow":"follow","max-snippet":"max-snippet:-1","max-image-preview":"max-image-preview:large","max-video-preview":"max-video-preview:-1"},"canonical":"https:\/\/lenom.co\/vi\/who-we-are\/","og_locale":"vi_VN","og_type":"article","og_title":"V\u1ec1 LE NOM - Lenom","og_description":"Le Nom &#8211; C\u00f4ng ty Truy\u1ec1n th\u00f4ng Ti\u1ebfp th\u1ecb T\u00edch h\u1ee3p cung c\u1ea5p gi\u1ea3i ph\u00e1p to\u00e0n di\u1ec7n v\u1ec1 ti\u1ebfp th\u1ecb v\u00e0 chi\u1ebfn l\u01b0\u1ee3c th\u01b0\u01a1ng hi\u1ec7u, \u0111\u1ea3m b\u1ea3o m\u1ed1i li\u00ean k\u1ebft ch\u1eb7t ch\u1ebd gi\u1eefa t\u1ea5t c\u1ea3 c\u00e1c h\u00ecnh th\u1ee9c truy\u1ec1n th\u00f4ng v\u00e0 th\u00f4ng \u0111i\u1ec7p \u0111\u01b0\u1ee3c truy\u1ec1n t\u1ea3i m\u1ed9t c\u00e1ch h\u00e0i ho\u00e0, hi\u1ec7u qu\u1ea3.","og_url":"https:\/\/lenom.co\/vi\/who-we-are\/","og_site_name":"Lenom","article_modified_time":"2024-06-16T23:00:50+00:00","og_image":[{"url":"https:\/\/lenom.co\/wp-content\/uploads\/2024\/06\/Screenshot_5.png"}],"twitter_card":"summary_large_image","twitter_misc":{"Est. reading time":"1 minute"},"schema":{"@context":"https:\/\/schema.org","@graph":[{"@type":"WebPage","@id":"https:\/\/lenom.co\/vi\/who-we-are\/","url":"https:\/\/lenom.co\/vi\/who-we-are\/","name":"V\u1ec1 LE NOM - Lenom","isPartOf":{"@id":"https:\/\/lenom.co\/#website"},"primaryImageOfPage":{"@id":"https:\/\/lenom.co\/vi\/who-we-are\/#primaryimage"},"image":{"@id":"https:\/\/lenom.co\/vi\/who-we-are\/#primaryimage"},"thumbnailUrl":"https:\/\/lenom.co\/wp-content\/uploads\/2024\/06\/Screenshot_5.png","datePublished":"2023-03-16T08:08:44+00:00","dateModified":"2024-06-16T23:00:50+00:00","breadcrumb":{"@id":"https:\/\/lenom.co\/vi\/who-we-are\/#breadcrumb"},"inLanguage":"vi-VN","potentialAction":[{"@type":"ReadAction","target":["https:\/\/lenom.co\/vi\/who-we-are\/"]}]},{"@type":"ImageObject","inLanguage":"vi-VN","@id":"https:\/\/lenom.co\/vi\/who-we-are\/#primaryimage","url":"https:\/\/lenom.co\/wp-content\/uploads\/2024\/06\/Screenshot_5.png","contentUrl":"https:\/\/lenom.co\/wp-content\/uploads\/2024\/06\/Screenshot_5.png"},{"@type":"BreadcrumbList","@id":"https:\/\/lenom.co\/vi\/who-we-are\/#breadcrumb","itemListElement":[{"@type":"ListItem","position":1,"name":"Trang ch\u1ee7","item":"https:\/\/lenom.co\/vi\/"},{"@type":"ListItem","position":2,"name":"V\u1ec1 LE NOM"}]},{"@type":"WebSite","@id":"https:\/\/lenom.co\/#website","url":"https:\/\/lenom.co\/","name":"Lenom","description":"","potentialAction":[{"@type":"SearchAction","target":{"@type":"EntryPoint","urlTemplate":"https:\/\/lenom.co\/?s={search_term_string}"},"query-input":"required name=search_term_string"}],"inLanguage":"vi-VN"}]}},"_links":{"self":[{"href":"https:\/\/lenom.co\/vi\/wp-json\/wp\/v2\/pages\/200","targetHints":{"allow":["GET"]}}],"collection":[{"href":"https:\/\/lenom.co\/vi\/wp-json\/wp\/v2\/pages"}],"about":[{"href":"https:\/\/lenom.co\/vi\/wp-json\/wp\/v2\/types\/page"}],"author":[{"embeddable":true,"href":"https:\/\/lenom.co\/vi\/wp-json\/wp\/v2\/users\/1"}],"replies":[{"embeddable":true,"href":"https:\/\/lenom.co\/vi\/wp-json\/wp\/v2\/comments?post=200"}],"version-history":[{"count":3,"href":"https:\/\/lenom.co\/vi\/wp-json\/wp\/v2\/pages\/200\/revisions"}],"predecessor-version":[{"id":227,"href":"https:\/\/lenom.co\/vi\/wp-json\/wp\/v2\/pages\/200\/revisions\/227"}],"wp:attachment":[{"href":"https:\/\/lenom.co\/vi\/wp-json\/wp\/v2\/media?parent=200"}],"curies":[{"name":"wp","href":"https:\/\/api.w.org\/{rel}","templated":true}]}}